{"id":422,"date":"2018-07-31T16:47:13","date_gmt":"2018-07-31T16:47:13","guid":{"rendered":"https:\/\/linedance-ostholstein.de\/?page_id=422"},"modified":"2023-08-29T17:47:30","modified_gmt":"2023-08-29T17:47:30","slug":"kursinfos-fuer-alle-teilnehmer","status":"publish","type":"page","link":"https:\/\/linedance-ostholstein.de\/index.php\/kursinfos-fuer-alle-teilnehmer\/","title":{"rendered":"Wichtige Allgemeininfos!"},"content":{"rendered":"<p><strong><br \/>\nJedem Interessierten ist es m\u00f6glich, <em>auch<\/em> in der Volkshochschule das ganze Jahr hindurch zu tanzen.\u00a0Ferien- und Zusatztermine werden rechtzeitig mitgeteilt.<\/strong><\/p>\n<p>Im Vordergrund unserer Kurse steht immer das gesunde Tanzen. Regelm\u00e4\u00dfige Weiterbildungen der Dozentin sind gew\u00e4hrleistet.<\/p>\n<p><strong><em>Wichtig:<\/em><br \/>\n<\/strong>Wegen der Unfallgefahr sind Flip Flops, Sandaletten, sonstige offene Schuhe, Pumps mit hohem Absatz nicht zul\u00e4ssig.<strong><br \/>\n<\/strong>Bei allen Kursen im D\u00f6rfergemeinschaftshaus Sch\u00fcrsdorf sind bitte separate Schuhe mitzubringen!<\/p>\n<p>Infos \/ Anmeldung:<br \/>\nSusanne Born<br \/>\nTel. 04524 &#8211; 9967 \/ AB<br \/>\nE-Mail: vhs-s.born@gmx.de<\/p>\n<p><strong>Bei allen Kursen gelten die Teilnahmebedingungen der jeweiligen Volkshochschule:<br \/>\n<\/strong><a href=\"https:\/\/www.scharbeutz-vhs.de\/kontakt\/agb\">www.scharbeutz-vhs.de<\/a><\/p>\n","protected":false},"excerpt":{"rendered":"<p>Jedem Interessierten ist es m\u00f6glich, auch in der Volkshochschule das ganze Jahr hindurch zu tanzen.\u00a0Ferien- und Zusatztermine werden rechtzeitig mitgeteilt.&hellip;<\/p>\n","protected":false},"author":2,"featured_media":0,"parent":0,"menu_order":0,"comment_status":"closed","ping_status":"closed","template":"","meta":{"footnotes":""},"class_list":["post-422","page","type-page","status-publish","hentry"],"_links":{"self":[{"href":"https:\/\/linedance-ostholstein.de\/index.php\/wp-json\/wp\/v2\/pages\/422","targetHints":{"allow":["GET"]}}],"collection":[{"href":"https:\/\/linedance-ostholstein.de\/index.php\/wp-json\/wp\/v2\/pages"}],"about":[{"href":"https:\/\/linedance-ostholstein.de\/index.php\/wp-json\/wp\/v2\/types\/page"}],"author":[{"embeddable":true,"href":"https:\/\/linedance-ostholstein.de\/index.php\/wp-json\/wp\/v2\/users\/2"}],"replies":[{"embeddable":true,"href":"https:\/\/linedance-ostholstein.de\/index.php\/wp-json\/wp\/v2\/comments?post=422"}],"version-history":[{"count":19,"href":"https:\/\/linedance-ostholstein.de\/index.php\/wp-json\/wp\/v2\/pages\/422\/revisions"}],"predecessor-version":[{"id":1360,"href":"https:\/\/linedance-ostholstein.de\/index.php\/wp-json\/wp\/v2\/pages\/422\/revisions\/1360"}],"wp:attachment":[{"href":"https:\/\/linedance-ostholstein.de\/index.php\/wp-json\/wp\/v2\/media?parent=422"}],"curies":[{"name":"wp","href":"https:\/\/api.w.org\/{rel}","templated":true}]}}